{"id":26,"date":"2012-03-25T15:58:29","date_gmt":"2012-03-25T13:58:29","guid":{"rendered":"http:\/\/catcemexsost.webs.upv.es\/?page_id=26"},"modified":"2022-12-30T18:16:16","modified_gmt":"2022-12-30T16:16:16","slug":"objetivos","status":"publish","type":"page","link":"https:\/\/catcemexsost.webs.upv.es\/?page_id=26","title":{"rendered":"OBJETIVOS"},"content":{"rendered":"\n<figure class=\"wp-block-image alignleft size-full wp-duotone-duotone-2\"><img loading=\"lazy\" decoding=\"async\" width=\"375\" height=\"205\" src=\"https:\/\/catcemexsost.webs.upv.es\/wp-content\/uploads\/biorefineria-1.jpg\" alt=\"\" class=\"wp-image-753\" title=\"green globe\" srcset=\"https:\/\/catcemexsost.webs.upv.es\/wp-content\/uploads\/biorefineria-1.jpg 375w, https:\/\/catcemexsost.webs.upv.es\/wp-content\/uploads\/biorefineria-1-300x164.jpg 300w\" sizes=\"auto, (max-width: 375px) 100vw, 375px\" \/><\/figure>\n\n\n\n<p>\u00a0Las <strong>C\u00e1tedras y Aulas de Empresa<\/strong> son una forma de establecer una amplia y cualificada colaboraci\u00f3n de empresas, fundaciones y otras entidades con vinculaci\u00f3n empresarial con la Universitat Polit\u00e8cnica de Val\u00e8ncia para desarrollar objetivos de docencia, transferencia de tecnolog\u00eda y conocimiento y de investigaci\u00f3n.<\/p>\n\n\n\n<p>El <strong>Aula CIMSA-Sostenibilidad<\/strong>, pretende ser un punto de encuentro entre la industria, la docencia y la investigaci\u00f3n, aportando cada una de ellas diversas ideas y formas de trabajo, con el fin \u00faltimo de fomentar el desarrollo sostenible de la sociedad. El Aula tiene su sede en la E.T.S. de Ingenier\u00eda Industrial y en el Instituto Universitario Mixto de Tecnolog\u00eda Qu\u00edmica (centro mixto Consejo Superior Investigaciones Cient\u00edficas-Universitat Polit\u00e8cnica de Val\u00e8ncia) y colabora estrechamente con una empresa puntera internacional como es CIMSA.<\/p>\n\n\n\n<p>El <strong>Aula CIMSA Sostenibilidad<\/strong>, patrocina cada a\u00f1o diversas charlas y seminarios sobre temas de sostenibilidad, convoca premios a trabajos fin de grado y trabajos fin de m\u00e1ster relacionados con la sostenibilidad y el medio ambiente y concede ayudas para realizar trabajos fin de m\u00e1ster.<\/p>\n\n\n\n<p>El director del Aula es D. Eduardo Palomares Gimeno, profesor de la UPV e investigador del Instituto de Tecnolog\u00eda Qu\u00edmica.<\/p>\n","protected":false},"excerpt":{"rendered":"<p>\u00a0Las C\u00e1tedras y Aulas de Empresa son una forma de establecer una amplia y cualificada colaboraci\u00f3n de empresas, fundaciones y otras entidades con vinculaci\u00f3n empresarial con la Universitat Polit\u00e8cnica de Val\u00e8ncia para desarrollar objetivos de docencia, transferencia de tecnolog\u00eda y conocimiento y de investigaci\u00f3n. El Aula CIMSA-Sostenibilidad, pretende ser un punto de encuentro entre la [&hellip;]<\/p>\n","protected":false},"author":4,"featured_media":0,"parent":0,"menu_order":1,"comment_status":"closed","ping_status":"closed","template":"","meta":{"footnotes":""},"class_list":["post-26","page","type-page","status-publish","hentry"],"_links":{"self":[{"href":"https:\/\/catcemexsost.webs.upv.es\/index.php?rest_route=\/wp\/v2\/pages\/26","targetHints":{"allow":["GET"]}}],"collection":[{"href":"https:\/\/catcemexsost.webs.upv.es\/index.php?rest_route=\/wp\/v2\/pages"}],"about":[{"href":"https:\/\/catcemexsost.webs.upv.es\/index.php?rest_route=\/wp\/v2\/types\/page"}],"author":[{"embeddable":true,"href":"https:\/\/catcemexsost.webs.upv.es\/index.php?rest_route=\/wp\/v2\/users\/4"}],"replies":[{"embeddable":true,"href":"https:\/\/catcemexsost.webs.upv.es\/index.php?rest_route=%2Fwp%2Fv2%2Fcomments&post=26"}],"version-history":[{"count":0,"href":"https:\/\/catcemexsost.webs.upv.es\/index.php?rest_route=\/wp\/v2\/pages\/26\/revisions"}],"wp:attachment":[{"href":"https:\/\/catcemexsost.webs.upv.es\/index.php?rest_route=%2Fwp%2Fv2%2Fmedia&parent=26"}],"curies":[{"name":"wp","href":"https:\/\/api.w.org\/{rel}","templated":true}]}}